{"id":3519,"date":"2023-12-01T10:06:47","date_gmt":"2023-12-01T10:06:47","guid":{"rendered":"https:\/\/hotelskaoprema.ba\/?post_type=product&#038;p=3519"},"modified":"2024-09-03T09:56:32","modified_gmt":"2024-09-03T09:56:32","slug":"masina-za-ciscenje-podova-karcher-c-classic-bds-43-150","status":"publish","type":"product","link":"https:\/\/hotelassortment.com\/sl\/artikli\/masina-za-ciscenje-podova-karcher-c-classic-bds-43-150","title":{"rendered":"Ma\u0161ina za \u010di\u0161\u0107enje podova KARCHER C CLASSIC BDS 43\/150"},"content":{"rendered":"<ul>\n<li>Tihi rad<\/li>\n<li>Disk za poliranje<\/li>\n<li>Prikladan za tvrde i elasti\u010dne podove i tekstilne obloge, kao i za bru\u0161enje istro\u0161enih parketa<\/li>\n<\/ul>\n","protected":false},"excerpt":{"rendered":"<p>Tihi rad Disk za poliranje Prikladan za tvrde i elasti\u010dne podove i tekstilne obloge, kao i za bru\u0161enje istro\u0161enih parketa<\/p>\n","protected":false},"featured_media":3520,"template":"","meta":{"_acf_changed":false},"product_brand":[],"product_cat":[67],"product_tag":[],"class_list":{"0":"post-3519","1":"product","2":"type-product","3":"status-publish","4":"has-post-thumbnail","6":"product_cat-masine-za-ciscenje-podova","8":"first","9":"outofstock","10":"shipping-taxable","11":"product-type-variable"},"acf":[],"_links":{"self":[{"href":"https:\/\/hotelassortment.com\/sl\/wp-json\/wp\/v2\/product\/3519","targetHints":{"allow":["GET"]}}],"collection":[{"href":"https:\/\/hotelassortment.com\/sl\/wp-json\/wp\/v2\/product"}],"about":[{"href":"https:\/\/hotelassortment.com\/sl\/wp-json\/wp\/v2\/types\/product"}],"wp:featuredmedia":[{"embeddable":true,"href":"https:\/\/hotelassortment.com\/sl\/wp-json\/wp\/v2\/media\/3520"}],"wp:attachment":[{"href":"https:\/\/hotelassortment.com\/sl\/wp-json\/wp\/v2\/media?parent=3519"}],"wp:term":[{"taxonomy":"product_brand","embeddable":true,"href":"https:\/\/hotelassortment.com\/sl\/wp-json\/wp\/v2\/product_brand?post=3519"},{"taxonomy":"product_cat","embeddable":true,"href":"https:\/\/hotelassortment.com\/sl\/wp-json\/wp\/v2\/product_cat?post=3519"},{"taxonomy":"product_tag","embeddable":true,"href":"https:\/\/hotelassortment.com\/sl\/wp-json\/wp\/v2\/product_tag?post=3519"}],"curies":[{"name":"wp","href":"https:\/\/api.w.org\/{rel}","templated":true}]}}