{"id":3517,"date":"2023-12-01T09:59:22","date_gmt":"2023-12-01T09:59:22","guid":{"rendered":"https:\/\/hotelskaoprema.ba\/?post_type=product&#038;p=3517"},"modified":"2024-09-03T09:46:00","modified_gmt":"2024-09-03T09:46:00","slug":"aku-masina-za-pranje-i-ciscenje-podova-karcher-30-4-c","status":"publish","type":"product","link":"https:\/\/hotelassortment.com\/sl\/artikli\/aku-masina-za-pranje-i-ciscenje-podova-karcher-30-4-c","title":{"rendered":"Aku ma\u0161ina za pranje i \u010di\u0161\u0107enje podova KARCHER 30\/4 C"},"content":{"rendered":"<ul>\n<li>Tihi rad<\/li>\n<li>\u010cetka na valjku \u010disti tako\u0111er i strukturirane povr\u0161ine ili fuge<\/li>\n<li>Valjak osigurava automatski pomak, tako da ure\u0111aj nije potrebno gurati<\/li>\n<li>Meke gumice usisavaju pod na suho \u2013 prema naprijed i prema natrag<\/li>\n<\/ul>\n","protected":false},"excerpt":{"rendered":"<p>Tihi rad \u010cetka na valjku \u010disti tako\u0111er i strukturirane povr\u0161ine ili fuge Valjak osigurava automatski pomak, tako da ure\u0111aj nije potrebno gurati Meke gumice usisavaju pod na suho \u2013 prema naprijed i prema natrag<\/p>\n","protected":false},"featured_media":3518,"template":"","meta":{"_acf_changed":false},"product_brand":[],"product_cat":[67],"product_tag":[],"class_list":{"0":"post-3517","1":"product","2":"type-product","3":"status-publish","4":"has-post-thumbnail","6":"product_cat-masine-za-ciscenje-podova","8":"first","9":"outofstock","10":"shipping-taxable","11":"product-type-variable"},"acf":[],"_links":{"self":[{"href":"https:\/\/hotelassortment.com\/sl\/wp-json\/wp\/v2\/product\/3517","targetHints":{"allow":["GET"]}}],"collection":[{"href":"https:\/\/hotelassortment.com\/sl\/wp-json\/wp\/v2\/product"}],"about":[{"href":"https:\/\/hotelassortment.com\/sl\/wp-json\/wp\/v2\/types\/product"}],"wp:featuredmedia":[{"embeddable":true,"href":"https:\/\/hotelassortment.com\/sl\/wp-json\/wp\/v2\/media\/3518"}],"wp:attachment":[{"href":"https:\/\/hotelassortment.com\/sl\/wp-json\/wp\/v2\/media?parent=3517"}],"wp:term":[{"taxonomy":"product_brand","embeddable":true,"href":"https:\/\/hotelassortment.com\/sl\/wp-json\/wp\/v2\/product_brand?post=3517"},{"taxonomy":"product_cat","embeddable":true,"href":"https:\/\/hotelassortment.com\/sl\/wp-json\/wp\/v2\/product_cat?post=3517"},{"taxonomy":"product_tag","embeddable":true,"href":"https:\/\/hotelassortment.com\/sl\/wp-json\/wp\/v2\/product_tag?post=3517"}],"curies":[{"name":"wp","href":"https:\/\/api.w.org\/{rel}","templated":true}]}}