{"id":3508,"date":"2023-11-30T22:33:22","date_gmt":"2023-11-30T22:33:22","guid":{"rendered":"https:\/\/hotelskaoprema.ba\/?post_type=product&#038;p=3508"},"modified":"2024-09-03T10:21:06","modified_gmt":"2024-09-03T10:21:06","slug":"parni-cistac-karcher-sg-4-4","status":"publish","type":"product","link":"https:\/\/hotelassortment.com\/sl\/artikli\/parni-cistac-karcher-sg-4-4","title":{"rendered":"Parni \u010dista\u010d KARCHER SG 4\/4"},"content":{"rendered":"<ul>\n<li>Crijevo 2m<\/li>\n<li>Tihi rad<\/li>\n<li>Mlaznica s ta\u010dkastim mlazom<\/li>\n<li>Ru\u010dna mlaznica<\/li>\n<li>Navlaka od mikrovlakana za ru\u010dnu mlaznicu<\/li>\n<\/ul>\n","protected":false},"excerpt":{"rendered":"<p>Crijevo 2m Tihi rad Mlaznica s ta\u010dkastim mlazom Ru\u010dna mlaznica Navlaka od mikrovlakana za ru\u010dnu mlaznicu<\/p>\n","protected":false},"featured_media":3509,"template":"","meta":{"_acf_changed":false},"product_brand":[],"product_cat":[68],"product_tag":[],"class_list":{"0":"post-3508","1":"product","2":"type-product","3":"status-publish","4":"has-post-thumbnail","6":"product_cat-usisivaci-za-dubinsko-ciscenje-i-parni-cistaci","8":"first","9":"outofstock","10":"shipping-taxable","11":"product-type-variable"},"acf":[],"_links":{"self":[{"href":"https:\/\/hotelassortment.com\/sl\/wp-json\/wp\/v2\/product\/3508","targetHints":{"allow":["GET"]}}],"collection":[{"href":"https:\/\/hotelassortment.com\/sl\/wp-json\/wp\/v2\/product"}],"about":[{"href":"https:\/\/hotelassortment.com\/sl\/wp-json\/wp\/v2\/types\/product"}],"wp:featuredmedia":[{"embeddable":true,"href":"https:\/\/hotelassortment.com\/sl\/wp-json\/wp\/v2\/media\/3509"}],"wp:attachment":[{"href":"https:\/\/hotelassortment.com\/sl\/wp-json\/wp\/v2\/media?parent=3508"}],"wp:term":[{"taxonomy":"product_brand","embeddable":true,"href":"https:\/\/hotelassortment.com\/sl\/wp-json\/wp\/v2\/product_brand?post=3508"},{"taxonomy":"product_cat","embeddable":true,"href":"https:\/\/hotelassortment.com\/sl\/wp-json\/wp\/v2\/product_cat?post=3508"},{"taxonomy":"product_tag","embeddable":true,"href":"https:\/\/hotelassortment.com\/sl\/wp-json\/wp\/v2\/product_tag?post=3508"}],"curies":[{"name":"wp","href":"https:\/\/api.w.org\/{rel}","templated":true}]}}