{"id":3504,"date":"2023-11-30T22:12:40","date_gmt":"2023-11-30T22:12:40","guid":{"rendered":"https:\/\/hotelskaoprema.ba\/?post_type=product&#038;p=3504"},"modified":"2024-09-02T14:10:30","modified_gmt":"2024-09-02T14:10:30","slug":"elektricni-usisivac-za-suho-i-mokro-usisavanje-karcher-nt-90-2-me-classic","status":"publish","type":"product","link":"https:\/\/hotelassortment.com\/sl\/artikli\/elektricni-usisivac-za-suho-i-mokro-usisavanje-karcher-nt-90-2-me-classic","title":{"rendered":"Elektri\u010dni usisiva\u010d za suho i mokro usisavanje KARCHER NT CLASSIC ME 90\/2"},"content":{"rendered":"<ul>\n<li>Crijevo 2,5m<\/li>\n<li>Tihi rad<\/li>\n<li>Ulo\u017eak filtera od papira<\/li>\n<li>Podna mlaznica za mokro\/suho usisavanje: 360 mm<\/li>\n<li>Spremnik od nehr\u0111aju\u0107eg \u010delika<\/li>\n<\/ul>\n","protected":false},"excerpt":{"rendered":"<p>Crijevo 2,5m Tihi rad Ulo\u017eak filtera od papira Podna mlaznica za mokro\/suho usisavanje: 360 mm Spremnik od nehr\u0111aju\u0107eg \u010delika<\/p>\n","protected":false},"featured_media":3505,"template":"","meta":{"_acf_changed":false},"product_brand":[],"product_cat":[66],"product_tag":[],"class_list":{"0":"post-3504","1":"product","2":"type-product","3":"status-publish","4":"has-post-thumbnail","6":"product_cat-usisivaci","8":"first","9":"outofstock","10":"shipping-taxable","11":"product-type-variable"},"acf":[],"_links":{"self":[{"href":"https:\/\/hotelassortment.com\/sl\/wp-json\/wp\/v2\/product\/3504","targetHints":{"allow":["GET"]}}],"collection":[{"href":"https:\/\/hotelassortment.com\/sl\/wp-json\/wp\/v2\/product"}],"about":[{"href":"https:\/\/hotelassortment.com\/sl\/wp-json\/wp\/v2\/types\/product"}],"wp:featuredmedia":[{"embeddable":true,"href":"https:\/\/hotelassortment.com\/sl\/wp-json\/wp\/v2\/media\/3505"}],"wp:attachment":[{"href":"https:\/\/hotelassortment.com\/sl\/wp-json\/wp\/v2\/media?parent=3504"}],"wp:term":[{"taxonomy":"product_brand","embeddable":true,"href":"https:\/\/hotelassortment.com\/sl\/wp-json\/wp\/v2\/product_brand?post=3504"},{"taxonomy":"product_cat","embeddable":true,"href":"https:\/\/hotelassortment.com\/sl\/wp-json\/wp\/v2\/product_cat?post=3504"},{"taxonomy":"product_tag","embeddable":true,"href":"https:\/\/hotelassortment.com\/sl\/wp-json\/wp\/v2\/product_tag?post=3504"}],"curies":[{"name":"wp","href":"https:\/\/api.w.org\/{rel}","templated":true}]}}