{"id":3495,"date":"2023-11-30T21:27:45","date_gmt":"2023-11-30T21:27:45","guid":{"rendered":"https:\/\/hotelskaoprema.ba\/?post_type=product&#038;p=3495"},"modified":"2024-09-11T12:10:56","modified_gmt":"2024-09-11T12:10:56","slug":"hotelski-tip-pegle","status":"publish","type":"product","link":"https:\/\/hotelassortment.com\/sl\/artikli\/hotelski-tip-pegle","title":{"rendered":"Hotelski tip pegle"},"content":{"rendered":"<ul>\n<li>Kerami\u010dka plo\u010da<\/li>\n<li>U horizontalnom polo\u017eaju pegla se gasi nakon 30 sekundi, dok se u vertikalnom polo\u017eaju gasi nakon 8 minuta<\/li>\n<li>Funkcija protiv kapanja vode<\/li>\n<\/ul>\n","protected":false},"excerpt":{"rendered":"<p>Kerami\u010dka plo\u010da U horizontalnom polo\u017eaju pegla se gasi nakon 30 sekundi, dok se u vertikalnom polo\u017eaju gasi nakon 8 minuta Funkcija protiv kapanja vode<\/p>\n","protected":false},"featured_media":3496,"template":"","meta":{"_acf_changed":false},"product_brand":[],"product_cat":[65],"product_tag":[],"class_list":{"0":"post-3495","1":"product","2":"type-product","3":"status-publish","4":"has-post-thumbnail","6":"product_cat-pegle","8":"first","9":"outofstock","10":"shipping-taxable","11":"product-type-variable"},"acf":[],"_links":{"self":[{"href":"https:\/\/hotelassortment.com\/sl\/wp-json\/wp\/v2\/product\/3495","targetHints":{"allow":["GET"]}}],"collection":[{"href":"https:\/\/hotelassortment.com\/sl\/wp-json\/wp\/v2\/product"}],"about":[{"href":"https:\/\/hotelassortment.com\/sl\/wp-json\/wp\/v2\/types\/product"}],"wp:featuredmedia":[{"embeddable":true,"href":"https:\/\/hotelassortment.com\/sl\/wp-json\/wp\/v2\/media\/3496"}],"wp:attachment":[{"href":"https:\/\/hotelassortment.com\/sl\/wp-json\/wp\/v2\/media?parent=3495"}],"wp:term":[{"taxonomy":"product_brand","embeddable":true,"href":"https:\/\/hotelassortment.com\/sl\/wp-json\/wp\/v2\/product_brand?post=3495"},{"taxonomy":"product_cat","embeddable":true,"href":"https:\/\/hotelassortment.com\/sl\/wp-json\/wp\/v2\/product_cat?post=3495"},{"taxonomy":"product_tag","embeddable":true,"href":"https:\/\/hotelassortment.com\/sl\/wp-json\/wp\/v2\/product_tag?post=3495"}],"curies":[{"name":"wp","href":"https:\/\/api.w.org\/{rel}","templated":true}]}}