{"id":3464,"date":"2023-11-30T13:31:16","date_gmt":"2023-11-30T13:31:16","guid":{"rendered":"https:\/\/hotelskaoprema.ba\/?post_type=product&#038;p=3464"},"modified":"2025-04-03T13:20:17","modified_gmt":"2025-04-03T13:20:17","slug":"aparat-za-ciscenje-cipela","status":"publish","type":"product","link":"https:\/\/hotelassortment.com\/sl\/artikli\/aparat-za-ciscenje-cipela","title":{"rendered":"Aparat za \u010di\u0161\u010denje \u010devljev"},"content":{"rendered":"<ul>\n<li data-start=\"36\" data-end=\"115\">Sistem z dvojno krta\u010do omogo\u010da uporabo lo\u010dene krta\u010de za rjave in \u010drne \u010devlje<\/li>\n<li data-start=\"36\" data-end=\"115\">V rezervoar za poliranje lahko dodate gosto kremo za \u010devlje, s \u010dimer lahko napravo uporabljate kot polirnik za \u010devlje<\/li>\n<li data-start=\"36\" data-end=\"115\">Ko ne uporabljate kreme, lahko o\u010distite \u010devlje prahu in blata<\/li>\n<li data-start=\"36\" data-end=\"115\">Ohi\u0161je iz lesenega MDF-a (sprednja plo\u0161\u010da iz nerjave\u010dega jekla kakovosti 304)<\/li>\n<li data-start=\"36\" data-end=\"115\">Na voljo so mo\u017enosti zlate ali srebrne prevleke<\/li>\n<\/ul>\n<p class=\"\" data-start=\"443\" data-end=\"476\"><strong data-start=\"443\" data-end=\"474\">Tehni\u010dne lastnosti izdelka:<\/strong><\/p>\n<ul>\n<li data-start=\"480\" data-end=\"513\">Nerjave\u010de (kakovosten material)<\/li>\n<li data-start=\"480\" data-end=\"513\">S senzorjem<\/li>\n<li data-start=\"480\" data-end=\"513\"><strong>Baterija:<\/strong> 4&#215;1,5V D-size (LR20)<\/li>\n<li data-start=\"480\" data-end=\"513\"><strong>AC mo\u010d:<\/strong> <7,5W<\/li>\n<li data-start=\"480\" data-end=\"513\"><strong>DC napetost:<\/strong> 6V<\/li>\n<li data-start=\"480\" data-end=\"513\"><strong>Napetost:<\/strong> 220V 50\/60 Hz<\/li>\n<li data-start=\"480\" data-end=\"513\"><strong>Mo\u010d motorja:<\/strong> 100W \/ 1400 obratov<\/li>\n<li data-start=\"480\" data-end=\"513\"><strong>Sistem delovanja:<\/strong> fotosenzorski \/ s senzorjem<\/li>\n<li data-start=\"480\" data-end=\"513\"><strong>Kapaciteta rezervoarja za kremo:<\/strong> 200ml<\/li>\n<li data-start=\"480\" data-end=\"513\"><strong>Dimenzije:<\/strong> 870mm x 390mm x 620mm<\/li>\n<li data-start=\"480\" data-end=\"513\"><strong>Te\u017ea:<\/strong> 20,2kg<\/li>\n<\/ul>\n<ul>\n<li style=\"list-style-type: none\"><\/li>\n<\/ul>\n","protected":false},"excerpt":{"rendered":"<p>Sistem z dvojno krta\u010do omogo\u010da uporabo lo\u010dene krta\u010de za rjave in \u010drne \u010devlje V rezervoar za poliranje lahko dodate gosto kremo za \u010devlje, s \u010dimer lahko napravo uporabljate kot polirnik za \u010devlje Ko ne uporabljate kreme, lahko o\u010distite \u010devlje prahu in blata Ohi\u0161je iz lesenega MDF-a (sprednja plo\u0161\u010da iz nerjave\u010dega jekla kakovosti 304) Na voljo [&hellip;]<\/p>\n","protected":false},"featured_media":3466,"template":"","meta":{"_acf_changed":false},"product_brand":[],"product_cat":[63],"product_tag":[],"class_list":{"0":"post-3464","1":"product","2":"type-product","3":"status-publish","4":"has-post-thumbnail","6":"product_cat-aparati-za-ciscenje-cipela","8":"first","9":"outofstock","10":"shipping-taxable","11":"product-type-variable"},"acf":[],"_links":{"self":[{"href":"https:\/\/hotelassortment.com\/sl\/wp-json\/wp\/v2\/product\/3464","targetHints":{"allow":["GET"]}}],"collection":[{"href":"https:\/\/hotelassortment.com\/sl\/wp-json\/wp\/v2\/product"}],"about":[{"href":"https:\/\/hotelassortment.com\/sl\/wp-json\/wp\/v2\/types\/product"}],"wp:featuredmedia":[{"embeddable":true,"href":"https:\/\/hotelassortment.com\/sl\/wp-json\/wp\/v2\/media\/3466"}],"wp:attachment":[{"href":"https:\/\/hotelassortment.com\/sl\/wp-json\/wp\/v2\/media?parent=3464"}],"wp:term":[{"taxonomy":"product_brand","embeddable":true,"href":"https:\/\/hotelassortment.com\/sl\/wp-json\/wp\/v2\/product_brand?post=3464"},{"taxonomy":"product_cat","embeddable":true,"href":"https:\/\/hotelassortment.com\/sl\/wp-json\/wp\/v2\/product_cat?post=3464"},{"taxonomy":"product_tag","embeddable":true,"href":"https:\/\/hotelassortment.com\/sl\/wp-json\/wp\/v2\/product_tag?post=3464"}],"curies":[{"name":"wp","href":"https:\/\/api.w.org\/{rel}","templated":true}]}}