{"id":3448,"date":"2023-11-30T12:46:32","date_gmt":"2023-11-30T12:46:32","guid":{"rendered":"https:\/\/hotelskaoprema.ba\/?post_type=product&#038;p=3448"},"modified":"2024-09-12T09:28:00","modified_gmt":"2024-09-12T09:28:00","slug":"mega-set-od-masivnog-bukovog-drveta-sa-kuhalom","status":"publish","type":"product","link":"https:\/\/hotelassortment.com\/sl\/artikli\/mega-set-od-masivnog-bukovog-drveta-sa-kuhalom","title":{"rendered":"Mega set od masivnog bukovog drveta sa kuhalom"},"content":{"rendered":"<ul>\n<li>Izra\u0111en od masivnog bukovog drveta<\/li>\n<li>2 pretinca za \u0161oljice + 5 drugih pretinaca<\/li>\n<li>Protuklizaju\u0107e nogice<\/li>\n<\/ul>\n","protected":false},"excerpt":{"rendered":"<p>Izra\u0111en od masivnog bukovog drveta 2 pretinca za \u0161oljice + 5 drugih pretinaca Protuklizaju\u0107e nogice<\/p>\n","protected":false},"featured_media":3449,"template":"","meta":{"_acf_changed":false},"product_brand":[],"product_cat":[62],"product_tag":[],"class_list":{"0":"post-3448","1":"product","2":"type-product","3":"status-publish","4":"has-post-thumbnail","6":"product_cat-hotelski-setovi-sa-kuhalom","8":"first","9":"outofstock","10":"shipping-taxable","11":"product-type-variable"},"acf":[],"_links":{"self":[{"href":"https:\/\/hotelassortment.com\/sl\/wp-json\/wp\/v2\/product\/3448","targetHints":{"allow":["GET"]}}],"collection":[{"href":"https:\/\/hotelassortment.com\/sl\/wp-json\/wp\/v2\/product"}],"about":[{"href":"https:\/\/hotelassortment.com\/sl\/wp-json\/wp\/v2\/types\/product"}],"wp:featuredmedia":[{"embeddable":true,"href":"https:\/\/hotelassortment.com\/sl\/wp-json\/wp\/v2\/media\/3449"}],"wp:attachment":[{"href":"https:\/\/hotelassortment.com\/sl\/wp-json\/wp\/v2\/media?parent=3448"}],"wp:term":[{"taxonomy":"product_brand","embeddable":true,"href":"https:\/\/hotelassortment.com\/sl\/wp-json\/wp\/v2\/product_brand?post=3448"},{"taxonomy":"product_cat","embeddable":true,"href":"https:\/\/hotelassortment.com\/sl\/wp-json\/wp\/v2\/product_cat?post=3448"},{"taxonomy":"product_tag","embeddable":true,"href":"https:\/\/hotelassortment.com\/sl\/wp-json\/wp\/v2\/product_tag?post=3448"}],"curies":[{"name":"wp","href":"https:\/\/api.w.org\/{rel}","templated":true}]}}