{"id":3434,"date":"2023-11-30T11:49:01","date_gmt":"2023-11-30T11:49:01","guid":{"rendered":"https:\/\/hotelskaoprema.ba\/?post_type=product&#038;p=3434"},"modified":"2024-09-11T13:37:57","modified_gmt":"2024-09-11T13:37:57","slug":"kuhalo-za-vodu-1200","status":"publish","type":"product","link":"https:\/\/hotelassortment.com\/sl\/artikli\/kuhalo-za-vodu-1200","title":{"rendered":"Kuhalo za vodu 1200"},"content":{"rendered":"<ul>\n<li>Izra\u0111eno od nehr\u0111aju\u0107eg \u010delika<\/li>\n<li>Automatsko ga\u0161enje aparata nakon klju\u010danja vode<\/li>\n<li>Sigurnosni sistem koji spre\u010dava rad bez vode<\/li>\n<\/ul>\n","protected":false},"excerpt":{"rendered":"<p>Izra\u0111eno od nehr\u0111aju\u0107eg \u010delika Automatsko ga\u0161enje aparata nakon klju\u010danja vode Sigurnosni sistem koji spre\u010dava rad bez vode<\/p>\n","protected":false},"featured_media":3435,"template":"","meta":{"_acf_changed":false},"product_brand":[],"product_cat":[61],"product_tag":[],"class_list":{"0":"post-3434","1":"product","2":"type-product","3":"status-publish","4":"has-post-thumbnail","6":"product_cat-aparati-za-kafu-i-kuhala","8":"first","9":"outofstock","10":"shipping-taxable","11":"product-type-variable"},"acf":[],"_links":{"self":[{"href":"https:\/\/hotelassortment.com\/sl\/wp-json\/wp\/v2\/product\/3434","targetHints":{"allow":["GET"]}}],"collection":[{"href":"https:\/\/hotelassortment.com\/sl\/wp-json\/wp\/v2\/product"}],"about":[{"href":"https:\/\/hotelassortment.com\/sl\/wp-json\/wp\/v2\/types\/product"}],"wp:featuredmedia":[{"embeddable":true,"href":"https:\/\/hotelassortment.com\/sl\/wp-json\/wp\/v2\/media\/3435"}],"wp:attachment":[{"href":"https:\/\/hotelassortment.com\/sl\/wp-json\/wp\/v2\/media?parent=3434"}],"wp:term":[{"taxonomy":"product_brand","embeddable":true,"href":"https:\/\/hotelassortment.com\/sl\/wp-json\/wp\/v2\/product_brand?post=3434"},{"taxonomy":"product_cat","embeddable":true,"href":"https:\/\/hotelassortment.com\/sl\/wp-json\/wp\/v2\/product_cat?post=3434"},{"taxonomy":"product_tag","embeddable":true,"href":"https:\/\/hotelassortment.com\/sl\/wp-json\/wp\/v2\/product_tag?post=3434"}],"curies":[{"name":"wp","href":"https:\/\/api.w.org\/{rel}","templated":true}]}}