{"id":3361,"date":"2023-11-29T22:26:11","date_gmt":"2023-11-29T22:26:11","guid":{"rendered":"https:\/\/hotelskaoprema.ba\/?post_type=product&#038;p=3361"},"modified":"2025-01-09T22:21:54","modified_gmt":"2025-01-09T22:21:54","slug":"osvjezivac-prostora","status":"publish","type":"product","link":"https:\/\/hotelassortment.com\/sl\/artikli\/osvjezivac-prostora","title":{"rendered":"Osvje\u017eiva\u010d prostora"},"content":{"rendered":"<ul>\n<li>Mogu\u0107nost mijenjanja vrsta mirisa<\/li>\n<li>Podesiva razina mirisa<\/li>\n<li>Ravnomjerno raspr\u0161ivanje mirisa u prostoriji do 100 m<sup>2<\/sup><\/li>\n<li>Tihi rad<\/li>\n<li>Mala potro\u0161nja energije<\/li>\n<\/ul>\n","protected":false},"excerpt":{"rendered":"<p>Mogu\u0107nost mijenjanja vrsta mirisa Podesiva razina mirisa Ravnomjerno raspr\u0161ivanje mirisa u prostoriji do 100 m2 Tihi rad Mala potro\u0161nja energije<\/p>\n","protected":false},"featured_media":3362,"template":"","meta":{"_acf_changed":false},"product_brand":[],"product_cat":[59],"product_tag":[],"class_list":{"0":"post-3361","1":"product","2":"type-product","3":"status-publish","4":"has-post-thumbnail","6":"product_cat-osvjezivac-prostora","8":"first","9":"instock","10":"shipping-taxable","11":"product-type-variable"},"acf":[],"_links":{"self":[{"href":"https:\/\/hotelassortment.com\/sl\/wp-json\/wp\/v2\/product\/3361","targetHints":{"allow":["GET"]}}],"collection":[{"href":"https:\/\/hotelassortment.com\/sl\/wp-json\/wp\/v2\/product"}],"about":[{"href":"https:\/\/hotelassortment.com\/sl\/wp-json\/wp\/v2\/types\/product"}],"wp:featuredmedia":[{"embeddable":true,"href":"https:\/\/hotelassortment.com\/sl\/wp-json\/wp\/v2\/media\/3362"}],"wp:attachment":[{"href":"https:\/\/hotelassortment.com\/sl\/wp-json\/wp\/v2\/media?parent=3361"}],"wp:term":[{"taxonomy":"product_brand","embeddable":true,"href":"https:\/\/hotelassortment.com\/sl\/wp-json\/wp\/v2\/product_brand?post=3361"},{"taxonomy":"product_cat","embeddable":true,"href":"https:\/\/hotelassortment.com\/sl\/wp-json\/wp\/v2\/product_cat?post=3361"},{"taxonomy":"product_tag","embeddable":true,"href":"https:\/\/hotelassortment.com\/sl\/wp-json\/wp\/v2\/product_tag?post=3361"}],"curies":[{"name":"wp","href":"https:\/\/api.w.org\/{rel}","templated":true}]}}