{"id":3315,"date":"2023-11-29T11:09:57","date_gmt":"2023-11-29T11:09:57","guid":{"rendered":"https:\/\/hotelskaoprema.ba\/?post_type=product&#038;p=3315"},"modified":"2025-02-12T21:25:16","modified_gmt":"2025-02-12T21:25:16","slug":"pvc-dispanzer-za-cartridge-pakovanja-glossy-11","status":"publish","type":"product","link":"https:\/\/hotelassortment.com\/sl\/artikli\/pvc-dispanzer-za-cartridge-pakovanja-glossy-11","title":{"rendered":"PVC dispanzer za cartridge pakovanja \u2013 glossy 1\/1"},"content":{"rendered":"<ul>\n<li>PVC dispanzer za cartridge pakovanja je prakti\u010dan i higijenski nosa\u010d za sapune, \u0161ampone, gelove za tu\u0161iranje i druge kozmeti\u010dke proizvode u hotelima, spa centrima i javnim objektima<\/li>\n<li>Dizajniran za jednostavnu zamjenu cartridge punjenja, smanjuju\u0107i otpad i odr\u017eavanje<\/li>\n<li>Montira se na zid, \u0161tedi prostor i omogu\u0107ava doziranje pritiskom<\/li>\n<li>Otporan je na vlagu i lahko se \u010disti, \u0161to ga \u010dini idealnim za upotrebu u kupaonicama i tu\u0161 kabinama<\/li>\n<\/ul>\n","protected":false},"excerpt":{"rendered":"<p>PVC dispanzer za cartridge pakovanja je prakti\u010dan i higijenski nosa\u010d za sapune, \u0161ampone, gelove za tu\u0161iranje i druge kozmeti\u010dke proizvode u hotelima, spa centrima i javnim objektima Dizajniran za jednostavnu zamjenu cartridge punjenja, smanjuju\u0107i otpad i odr\u017eavanje Montira se na zid, \u0161tedi prostor i omogu\u0107ava doziranje pritiskom Otporan je na vlagu i lahko se \u010disti, [&hellip;]<\/p>\n","protected":false},"featured_media":3316,"template":"","meta":{"_acf_changed":false},"product_brand":[],"product_cat":[54],"product_tag":[],"class_list":{"0":"post-3315","1":"product","2":"type-product","3":"status-publish","4":"has-post-thumbnail","6":"product_cat-dispanzeri","8":"first","9":"outofstock","10":"shipping-taxable","11":"product-type-variable"},"acf":[],"_links":{"self":[{"href":"https:\/\/hotelassortment.com\/sl\/wp-json\/wp\/v2\/product\/3315","targetHints":{"allow":["GET"]}}],"collection":[{"href":"https:\/\/hotelassortment.com\/sl\/wp-json\/wp\/v2\/product"}],"about":[{"href":"https:\/\/hotelassortment.com\/sl\/wp-json\/wp\/v2\/types\/product"}],"wp:featuredmedia":[{"embeddable":true,"href":"https:\/\/hotelassortment.com\/sl\/wp-json\/wp\/v2\/media\/3316"}],"wp:attachment":[{"href":"https:\/\/hotelassortment.com\/sl\/wp-json\/wp\/v2\/media?parent=3315"}],"wp:term":[{"taxonomy":"product_brand","embeddable":true,"href":"https:\/\/hotelassortment.com\/sl\/wp-json\/wp\/v2\/product_brand?post=3315"},{"taxonomy":"product_cat","embeddable":true,"href":"https:\/\/hotelassortment.com\/sl\/wp-json\/wp\/v2\/product_cat?post=3315"},{"taxonomy":"product_tag","embeddable":true,"href":"https:\/\/hotelassortment.com\/sl\/wp-json\/wp\/v2\/product_tag?post=3315"}],"curies":[{"name":"wp","href":"https:\/\/api.w.org\/{rel}","templated":true}]}}