{"id":3310,"date":"2023-11-29T11:02:02","date_gmt":"2023-11-29T11:02:02","guid":{"rendered":"https:\/\/hotelskaoprema.ba\/?post_type=product&#038;p=3310"},"modified":"2025-02-12T21:23:02","modified_gmt":"2025-02-12T21:23:02","slug":"pvc-dispanzer-sa-pumpicom-11","status":"publish","type":"product","link":"https:\/\/hotelassortment.com\/sl\/artikli\/pvc-dispanzer-sa-pumpicom-11","title":{"rendered":"PVC dispanzer sa pumpicom 1\/1"},"content":{"rendered":"<ul>\n<li>PVC dispanzer sa jednom pumpicom je prakti\u010dan i higijenski ure\u0111aj koji se koristi za doziranje te\u010dnih proizvoda kao \u0161to su sapuni, \u0161amponi, gelovi za tu\u0161iranje i drugi kozmeti\u010dki preparati u hotelima, restoranima i drugim javnim prostorima<\/li>\n<li>Dispanzer je napravljen od \u010dvrstog PVC materijala, koji je otporan na vlagu i lahko se odr\u017eava<\/li>\n<li>Posjeduje pumpicu koja omogu\u0107ava precizno doziranje, \u010dime se smanjuje rasipanje proizvoda i omogu\u0107ava dugotrajnija upotreba<\/li>\n<li>Zamjenjivo pakovanje i jednostavno punjenje \u010dine ga ekonomi\u010dnim i ekolo\u0161kim rje\u0161enjem<\/li>\n<li>Njegov dizajn omogu\u0107ava lahku monta\u017eu na zid, \u010dime se \u0161tedi prostor i doprinosi urednom izgledu prostora<\/li>\n<\/ul>\n","protected":false},"excerpt":{"rendered":"<p>PVC dispanzer sa jednom pumpicom je prakti\u010dan i higijenski ure\u0111aj koji se koristi za doziranje te\u010dnih proizvoda kao \u0161to su sapuni, \u0161amponi, gelovi za tu\u0161iranje i drugi kozmeti\u010dki preparati u hotelima, restoranima i drugim javnim prostorima Dispanzer je napravljen od \u010dvrstog PVC materijala, koji je otporan na vlagu i lahko se odr\u017eava Posjeduje pumpicu koja [&hellip;]<\/p>\n","protected":false},"featured_media":3311,"template":"","meta":{"_acf_changed":false},"product_brand":[],"product_cat":[54],"product_tag":[],"class_list":{"0":"post-3310","1":"product","2":"type-product","3":"status-publish","4":"has-post-thumbnail","6":"product_cat-dispanzeri","8":"first","9":"outofstock","10":"shipping-taxable","11":"product-type-variable"},"acf":[],"_links":{"self":[{"href":"https:\/\/hotelassortment.com\/sl\/wp-json\/wp\/v2\/product\/3310","targetHints":{"allow":["GET"]}}],"collection":[{"href":"https:\/\/hotelassortment.com\/sl\/wp-json\/wp\/v2\/product"}],"about":[{"href":"https:\/\/hotelassortment.com\/sl\/wp-json\/wp\/v2\/types\/product"}],"wp:featuredmedia":[{"embeddable":true,"href":"https:\/\/hotelassortment.com\/sl\/wp-json\/wp\/v2\/media\/3311"}],"wp:attachment":[{"href":"https:\/\/hotelassortment.com\/sl\/wp-json\/wp\/v2\/media?parent=3310"}],"wp:term":[{"taxonomy":"product_brand","embeddable":true,"href":"https:\/\/hotelassortment.com\/sl\/wp-json\/wp\/v2\/product_brand?post=3310"},{"taxonomy":"product_cat","embeddable":true,"href":"https:\/\/hotelassortment.com\/sl\/wp-json\/wp\/v2\/product_cat?post=3310"},{"taxonomy":"product_tag","embeddable":true,"href":"https:\/\/hotelassortment.com\/sl\/wp-json\/wp\/v2\/product_tag?post=3310"}],"curies":[{"name":"wp","href":"https:\/\/api.w.org\/{rel}","templated":true}]}}