{"id":3300,"date":"2023-11-29T10:33:35","date_gmt":"2023-11-29T10:33:35","guid":{"rendered":"https:\/\/hotelskaoprema.ba\/?post_type=product&#038;p=3300"},"modified":"2026-04-22T19:42:46","modified_gmt":"2026-04-22T19:42:46","slug":"regenerator-za-kosu-refill-olive-400ml","status":"publish","type":"product","link":"https:\/\/hotelassortment.com\/sl\/artikli\/regenerator-za-kosu-refill-olive-400ml","title":{"rendered":"Regenerator za kosu refill OLIVE 400ml"},"content":{"rendered":"<p><strong>Regenerator za kosu refill OLIVE 400ml<\/strong>\u00a0predstavlja savr\u0161eno rje\u0161enje za ugostiteljske objekte koji te\u017ee ekolo\u0161koj odr\u017eivosti. Zamislite prakti\u010dnost dopunjivog pakovanja koje \u010duva okoli\u0161 dok istovremeno pru\u017ea vrhunsku njegu.<\/p>\n<p>Ovaj regenerator dolazi u\u00a0<strong>prakti\u010dnom refill pakovanju<\/strong>, \u010dime se smanjuje upotreba jednokratne plastike. Sa zapreminom od 400ml, idealan je za hotele, apartmane i wellness centre. Redovno dopunjavanje hotelskih dozatora omogu\u0107ava uredan izgled i uvijek spremnost za upotrebu. Kori\u0161\u0107enje refill pakovanja ne samo da zna\u010di u\u0161tede za hotelijere, ve\u0107 i doprinos o\u010duvanju prirodne sredine.<\/p>\n<ul>\n<li><strong>Zapremina:<\/strong>\u00a0400ml<\/li>\n<\/ul>\n","protected":false},"excerpt":{"rendered":"<p>Regenerator za kosu refill OLIVE 400ml\u00a0predstavlja savr\u0161eno rje\u0161enje za ugostiteljske objekte koji te\u017ee ekolo\u0161koj odr\u017eivosti. Zamislite prakti\u010dnost dopunjivog pakovanja koje \u010duva okoli\u0161 dok istovremeno pru\u017ea vrhunsku njegu. Ovaj regenerator dolazi u\u00a0prakti\u010dnom refill pakovanju, \u010dime se smanjuje upotreba jednokratne plastike. Sa zapreminom od 400ml, idealan je za hotele, apartmane i wellness centre. Redovno dopunjavanje hotelskih dozatora [&hellip;]<\/p>\n","protected":false},"featured_media":3301,"template":"","meta":{"_acf_changed":false},"product_brand":[],"product_cat":[97],"product_tag":[],"class_list":{"0":"post-3300","1":"product","2":"type-product","3":"status-publish","4":"has-post-thumbnail","6":"product_cat-refill-i-cartridge-pakovanja","8":"first","9":"instock","10":"shipping-taxable","11":"product-type-simple"},"acf":[],"_links":{"self":[{"href":"https:\/\/hotelassortment.com\/sl\/wp-json\/wp\/v2\/product\/3300","targetHints":{"allow":["GET"]}}],"collection":[{"href":"https:\/\/hotelassortment.com\/sl\/wp-json\/wp\/v2\/product"}],"about":[{"href":"https:\/\/hotelassortment.com\/sl\/wp-json\/wp\/v2\/types\/product"}],"wp:featuredmedia":[{"embeddable":true,"href":"https:\/\/hotelassortment.com\/sl\/wp-json\/wp\/v2\/media\/3301"}],"wp:attachment":[{"href":"https:\/\/hotelassortment.com\/sl\/wp-json\/wp\/v2\/media?parent=3300"}],"wp:term":[{"taxonomy":"product_brand","embeddable":true,"href":"https:\/\/hotelassortment.com\/sl\/wp-json\/wp\/v2\/product_brand?post=3300"},{"taxonomy":"product_cat","embeddable":true,"href":"https:\/\/hotelassortment.com\/sl\/wp-json\/wp\/v2\/product_cat?post=3300"},{"taxonomy":"product_tag","embeddable":true,"href":"https:\/\/hotelassortment.com\/sl\/wp-json\/wp\/v2\/product_tag?post=3300"}],"curies":[{"name":"wp","href":"https:\/\/api.w.org\/{rel}","templated":true}]}}