{"id":3298,"date":"2023-11-29T10:32:49","date_gmt":"2023-11-29T10:32:49","guid":{"rendered":"https:\/\/hotelskaoprema.ba\/?post_type=product&#038;p=3298"},"modified":"2026-04-22T19:40:33","modified_gmt":"2026-04-22T19:40:33","slug":"losion-za-tijelo-refill-olive-400ml","status":"publish","type":"product","link":"https:\/\/hotelassortment.com\/sl\/artikli\/losion-za-tijelo-refill-olive-400ml","title":{"rendered":"Losion za tijelo refill OLIVE 400ml"},"content":{"rendered":"<p><strong>Losion za tijelo refill OLIVE 400ml<\/strong>\u00a0je idealan za hotelske, apartmanske i wellness centre koji te\u017ee luksuznoj njezi uz ekolo\u0161ki osvje\u0161ten pristup. Ovaj proizvod omogu\u0107ava\u00a0<strong>smanjenje upotrebe jednokratne plastike<\/strong>\u00a0kroz refill sistem i time doprinosi odr\u017eivom poslovanju.<\/p>\n<p>Lagana formula ovog losiona brzo se upija u ko\u017eu, pru\u017eaju\u0107i\u00a0<strong>dubinsku hidrataciju<\/strong>\u00a0i ostavljaju\u0107i ko\u017eu glatkom i mirisnom. Zahvaljuju\u0107i prakti\u010dnom refill pakovanju, jednostavno je dopuniti hotelske dozatore, \u0161to donosi zna\u010dajne u\u0161tede. Sa zapreminom od\u00a0<strong>400ml<\/strong>, ovaj losion savr\u0161eno spaja udobnost, eleganciju i ekolo\u0161ku odgovornost, pru\u017eaju\u0107i gostima nezaboravno iskustvo kori\u0161tenja.<\/p>\n<ul>\n<li><strong>Zapremina:<\/strong>\u00a0400ml<\/li>\n<\/ul>\n","protected":false},"excerpt":{"rendered":"<p>Losion za tijelo refill OLIVE 400ml\u00a0je idealan za hotelske, apartmanske i wellness centre koji te\u017ee luksuznoj njezi uz ekolo\u0161ki osvje\u0161ten pristup. Ovaj proizvod omogu\u0107ava\u00a0smanjenje upotrebe jednokratne plastike\u00a0kroz refill sistem i time doprinosi odr\u017eivom poslovanju. Lagana formula ovog losiona brzo se upija u ko\u017eu, pru\u017eaju\u0107i\u00a0dubinsku hidrataciju\u00a0i ostavljaju\u0107i ko\u017eu glatkom i mirisnom. Zahvaljuju\u0107i prakti\u010dnom refill pakovanju, jednostavno [&hellip;]<\/p>\n","protected":false},"featured_media":3299,"template":"","meta":{"_acf_changed":false},"product_brand":[],"product_cat":[97],"product_tag":[],"class_list":{"0":"post-3298","1":"product","2":"type-product","3":"status-publish","4":"has-post-thumbnail","6":"product_cat-refill-i-cartridge-pakovanja","8":"first","9":"instock","10":"shipping-taxable","11":"product-type-simple"},"acf":[],"_links":{"self":[{"href":"https:\/\/hotelassortment.com\/sl\/wp-json\/wp\/v2\/product\/3298","targetHints":{"allow":["GET"]}}],"collection":[{"href":"https:\/\/hotelassortment.com\/sl\/wp-json\/wp\/v2\/product"}],"about":[{"href":"https:\/\/hotelassortment.com\/sl\/wp-json\/wp\/v2\/types\/product"}],"wp:featuredmedia":[{"embeddable":true,"href":"https:\/\/hotelassortment.com\/sl\/wp-json\/wp\/v2\/media\/3299"}],"wp:attachment":[{"href":"https:\/\/hotelassortment.com\/sl\/wp-json\/wp\/v2\/media?parent=3298"}],"wp:term":[{"taxonomy":"product_brand","embeddable":true,"href":"https:\/\/hotelassortment.com\/sl\/wp-json\/wp\/v2\/product_brand?post=3298"},{"taxonomy":"product_cat","embeddable":true,"href":"https:\/\/hotelassortment.com\/sl\/wp-json\/wp\/v2\/product_cat?post=3298"},{"taxonomy":"product_tag","embeddable":true,"href":"https:\/\/hotelassortment.com\/sl\/wp-json\/wp\/v2\/product_tag?post=3298"}],"curies":[{"name":"wp","href":"https:\/\/api.w.org\/{rel}","templated":true}]}}