{"id":3296,"date":"2023-11-29T10:31:53","date_gmt":"2023-11-29T10:31:53","guid":{"rendered":"https:\/\/hotelskaoprema.ba\/?post_type=product&#038;p=3296"},"modified":"2026-04-22T19:38:12","modified_gmt":"2026-04-22T19:38:12","slug":"gel-za-tusiranje-refill-olive-400ml","status":"publish","type":"product","link":"https:\/\/hotelassortment.com\/sl\/artikli\/gel-za-tusiranje-refill-olive-400ml","title":{"rendered":"Gel za tu\u0161iranje refill OLIVE 400ml"},"content":{"rendered":"<p><strong>Gel za tu\u0161iranje refill OLIVE<\/strong>\u00a0od 400ml idealan je izbor za hotele, apartmane i wellness centre. Ovaj proizvod omogu\u0107ava pru\u017eanje kvalitetne njege gostiju uz brigu o okoli\u0161u.<\/p>\n<p>Njegova\u00a0<strong>nje\u017ena formula<\/strong>\u00a0temeljito \u010disti i osvje\u017eava ko\u017eu, ostavljaju\u0107i je mekom i mirisnom. Refill sistem omogu\u0107ava lako dopunjavanje hotelskih dozatora, \u010dime se\u00a0<strong>smanjuju tro\u0161kovi<\/strong>\u00a0i potro\u0161nja jednokratne plastike. Ovo je idealno rje\u0161enje za moderan i ekolo\u0161ki odgovoran smje\u0161taj. Pakovanje od 400ml pru\u017ea dovoljnu koli\u010dinu za \u010destu upotrebu i dugotrajnu svje\u017einu.<\/p>\n<ul>\n<li><strong>Zapremina:<\/strong>\u00a0400ml<\/li>\n<\/ul>\n","protected":false},"excerpt":{"rendered":"<p>Gel za tu\u0161iranje refill OLIVE\u00a0od 400ml idealan je izbor za hotele, apartmane i wellness centre. Ovaj proizvod omogu\u0107ava pru\u017eanje kvalitetne njege gostiju uz brigu o okoli\u0161u. Njegova\u00a0nje\u017ena formula\u00a0temeljito \u010disti i osvje\u017eava ko\u017eu, ostavljaju\u0107i je mekom i mirisnom. Refill sistem omogu\u0107ava lako dopunjavanje hotelskih dozatora, \u010dime se\u00a0smanjuju tro\u0161kovi\u00a0i potro\u0161nja jednokratne plastike. Ovo je idealno rje\u0161enje za [&hellip;]<\/p>\n","protected":false},"featured_media":3297,"template":"","meta":{"_acf_changed":false},"product_brand":[],"product_cat":[97],"product_tag":[],"class_list":{"0":"post-3296","1":"product","2":"type-product","3":"status-publish","4":"has-post-thumbnail","6":"product_cat-refill-i-cartridge-pakovanja","8":"first","9":"instock","10":"shipping-taxable","11":"product-type-simple"},"acf":[],"_links":{"self":[{"href":"https:\/\/hotelassortment.com\/sl\/wp-json\/wp\/v2\/product\/3296","targetHints":{"allow":["GET"]}}],"collection":[{"href":"https:\/\/hotelassortment.com\/sl\/wp-json\/wp\/v2\/product"}],"about":[{"href":"https:\/\/hotelassortment.com\/sl\/wp-json\/wp\/v2\/types\/product"}],"wp:featuredmedia":[{"embeddable":true,"href":"https:\/\/hotelassortment.com\/sl\/wp-json\/wp\/v2\/media\/3297"}],"wp:attachment":[{"href":"https:\/\/hotelassortment.com\/sl\/wp-json\/wp\/v2\/media?parent=3296"}],"wp:term":[{"taxonomy":"product_brand","embeddable":true,"href":"https:\/\/hotelassortment.com\/sl\/wp-json\/wp\/v2\/product_brand?post=3296"},{"taxonomy":"product_cat","embeddable":true,"href":"https:\/\/hotelassortment.com\/sl\/wp-json\/wp\/v2\/product_cat?post=3296"},{"taxonomy":"product_tag","embeddable":true,"href":"https:\/\/hotelassortment.com\/sl\/wp-json\/wp\/v2\/product_tag?post=3296"}],"curies":[{"name":"wp","href":"https:\/\/api.w.org\/{rel}","templated":true}]}}