{"id":3292,"date":"2023-11-29T10:30:56","date_gmt":"2023-11-29T10:30:56","guid":{"rendered":"https:\/\/hotelskaoprema.ba\/?post_type=product&#038;p=3292"},"modified":"2026-04-22T19:36:06","modified_gmt":"2026-04-22T19:36:06","slug":"sampon-refill-olive-400ml","status":"publish","type":"product","link":"https:\/\/hotelassortment.com\/sl\/artikli\/sampon-refill-olive-400ml","title":{"rendered":"\u0160ampon refill OLIVE 400ml"},"content":{"rendered":"<p><strong>\u0160ampon refill OLIVE 400ml<\/strong>\u00a0predstavlja inovativno rje\u0161enje za hotelski asortiman. Namijenjen je za upotrebu u hotelima, apartmanima i wellness centrima, gdje se kvalitet njege kose kombinuje sa odr\u017eivim poslovanjem.<\/p>\n<p>Formula \u0161ampona nje\u017eno \u010disti i ostavlja kosu mekom i sjajnom. Sistem dopunjavanja omogu\u0107ava lako nadopunjavanje hotelskih dozatora, smanjuju\u0107i tro\u0161kove i o\u010duvaju\u0107i okoli\u0161. Zapremina proizvoda od 400ml nudi optimalno rje\u0161enje za dugotrajnu upotrebu.<\/p>\n<p>Ovo je idealan izbor za sve koji \u017eele svojim gostima pru\u017eiti osje\u0107aj luksuza i svje\u017eine.<\/p>\n<ul>\n<li><strong>Zapremina:<\/strong>\u00a0400ml<\/li>\n<\/ul>\n","protected":false},"excerpt":{"rendered":"<p>\u0160ampon refill OLIVE 400ml\u00a0predstavlja inovativno rje\u0161enje za hotelski asortiman. Namijenjen je za upotrebu u hotelima, apartmanima i wellness centrima, gdje se kvalitet njege kose kombinuje sa odr\u017eivim poslovanjem. Formula \u0161ampona nje\u017eno \u010disti i ostavlja kosu mekom i sjajnom. Sistem dopunjavanja omogu\u0107ava lako nadopunjavanje hotelskih dozatora, smanjuju\u0107i tro\u0161kove i o\u010duvaju\u0107i okoli\u0161. Zapremina proizvoda od 400ml nudi [&hellip;]<\/p>\n","protected":false},"featured_media":3295,"template":"","meta":{"_acf_changed":false},"product_brand":[],"product_cat":[97],"product_tag":[],"class_list":{"0":"post-3292","1":"product","2":"type-product","3":"status-publish","4":"has-post-thumbnail","6":"product_cat-refill-i-cartridge-pakovanja","8":"first","9":"instock","10":"shipping-taxable","11":"product-type-simple"},"acf":[],"_links":{"self":[{"href":"https:\/\/hotelassortment.com\/sl\/wp-json\/wp\/v2\/product\/3292","targetHints":{"allow":["GET"]}}],"collection":[{"href":"https:\/\/hotelassortment.com\/sl\/wp-json\/wp\/v2\/product"}],"about":[{"href":"https:\/\/hotelassortment.com\/sl\/wp-json\/wp\/v2\/types\/product"}],"wp:featuredmedia":[{"embeddable":true,"href":"https:\/\/hotelassortment.com\/sl\/wp-json\/wp\/v2\/media\/3295"}],"wp:attachment":[{"href":"https:\/\/hotelassortment.com\/sl\/wp-json\/wp\/v2\/media?parent=3292"}],"wp:term":[{"taxonomy":"product_brand","embeddable":true,"href":"https:\/\/hotelassortment.com\/sl\/wp-json\/wp\/v2\/product_brand?post=3292"},{"taxonomy":"product_cat","embeddable":true,"href":"https:\/\/hotelassortment.com\/sl\/wp-json\/wp\/v2\/product_cat?post=3292"},{"taxonomy":"product_tag","embeddable":true,"href":"https:\/\/hotelassortment.com\/sl\/wp-json\/wp\/v2\/product_tag?post=3292"}],"curies":[{"name":"wp","href":"https:\/\/api.w.org\/{rel}","templated":true}]}}