{"id":6398,"date":"2023-12-28T16:03:25","date_gmt":"2023-12-28T16:03:25","guid":{"rendered":"https:\/\/hotelskaoprema.ba\/?page_id=6398"},"modified":"2025-02-19T01:37:16","modified_gmt":"2025-02-19T01:37:16","slug":"upit-za-ponudu","status":"publish","type":"page","link":"https:\/\/hotelassortment.com\/sl\/upit-za-ponudu","title":{"rendered":"Zahteva za ponudbo"},"content":{"rendered":"<h2 class=\"wp-block-heading\">Pogosta vpra\u0161anja:<\/h2><h3 class=\"wp-block-heading\"><strong>Ali se moram registrirati, da lahko po\u0161ljem povpra\u0161evanje za ponudbo?<\/strong><\/h3><p>Za po\u0161iljanje povpra\u0161evanja za ponudbo <strong>registracija ni potrebna<\/strong>.<\/p><h3 class=\"wp-block-heading\"><strong>Kako poslati povpra\u0161evanje za ponudbo?<\/strong><\/h3><h4 class=\"wp-block-heading\"><strong>Korak 1:<\/strong><\/h4><p>Ko najdete \u017eeleni artikel v podkategorijah, kliknite na mo\u017enost izbire razpolo\u017eljivih razli\u010dic glede na va\u0161e \u017eelje in potrebe. V polje spodaj vnesite \u017eeleno koli\u010dino izbranega artikla. Prav tako lahko dodate opombo, \u010de \u017eelite kaj posebej izpostaviti.<\/p><h4 class=\"wp-block-heading\"><strong>Korak 2:<\/strong><\/h4><p>Kliknite na mo\u017enost <strong>Dodaj na seznam<\/strong>. Nato v zgornjem delu spletne strani kliknite na mo\u017enost <strong>Seznam za ponudbo<\/strong>, kjer bodo prikazani vsi izbrani artikli.<\/p><h4 class=\"wp-block-heading\"><strong>Korak 3:<\/strong><\/h4><p>Kliknite na mo\u017enost <strong>Nadaljuj za po\u0161iljanje<\/strong> in v predvideno polje vnesite svoje podatke, da vas lahko kontaktiramo.<\/p><p>Na ta na\u010din ste uspe\u0161no poslali povpra\u0161evanje za ponudbo artiklov, ki vas zanimajo, na\u0161 tim pa vam bo v najkraj\u0161em mo\u017enem \u010dasu poslal ponudbo.<\/p><h3 class=\"wp-block-heading\"><strong>Zakaj cene niso navedene na spletni strani?<\/strong><\/h3><p>Na\u0161e storitve in izdelki so prilagojeni individualnim potrebam strank, zato cene variirajo glede na zahteve, koli\u010dino in druge dejavnike.<\/p><h3 class=\"wp-block-heading\"><strong>Na kak\u0161ne na\u010dine lahko pla\u010dam?<\/strong><\/h3><p>Izdelke lahko pla\u010date z gotovino po povzetju ali z ban\u010dnim nakazilom, \u010de naro\u010date kot pravna oseba.<\/p><h3 class=\"wp-block-heading\"><strong>Kaj storiti, \u010de ima izdelek napako?<\/strong><\/h3><p>Kupec ima pravico do reklamacije v zvezi z materialnimi napakami v rokih in iz razlogov, dolo\u010denih s predpisi Zakona o obveznih razmerjih.<\/p><p>Kupec lahko po\u0161lje pisno prito\u017ebo ali reklamacijo na e-po\u0161tni naslov <strong><a href=\"mailto:info@koldra.hr\">info@koldra.hr<\/a><\/strong> s pripisom <strong>Reklamacija<\/strong>.<\/p><p>Prodajalec bo reklamacijo obravnaval kot veljavno, \u010de bo po pregledu izdelka ugotovil, da ustreza pogojem za reklamacijo v skladu z Zakonom o obveznih razmerjih in Zakonom o varstvu potro\u0161nikov. V tem primeru bo v roku <strong>15 dni<\/strong> od prejema veljavne reklamacije izdelek zamenjal ali vrnil celoten pla\u010dani znesek.<\/p><p>\u010ce pa se ugotovi, da reklamacija ni upravi\u010dena oziroma je zavrnjena, bo kupec o tem obve\u0161\u010den v roku <strong>15 dni<\/strong> od prejema reklamacije.<\/p>","protected":false},"excerpt":{"rendered":"<p>Pogosta vpra\u0161anja: Ali se moram registrirati, da lahko po\u0161ljem povpra\u0161evanje za ponudbo? Za po\u0161iljanje povpra\u0161evanja za ponudbo registracija ni potrebna. Kako poslati povpra\u0161evanje za ponudbo? Korak 1: Ko najdete \u017eeleni artikel v podkategorijah, kliknite na mo\u017enost izbire razpolo\u017eljivih razli\u010dic glede na va\u0161e \u017eelje in potrebe. V polje spodaj vnesite \u017eeleno koli\u010dino izbranega artikla. Prav tako [&hellip;]<\/p>\n","protected":false},"author":1,"featured_media":0,"parent":0,"menu_order":0,"comment_status":"closed","ping_status":"closed","template":"","meta":{"_acf_changed":false,"footnotes":""},"class_list":["post-6398","page","type-page","status-publish","hentry"],"acf":[],"_links":{"self":[{"href":"https:\/\/hotelassortment.com\/sl\/wp-json\/wp\/v2\/pages\/6398","targetHints":{"allow":["GET"]}}],"collection":[{"href":"https:\/\/hotelassortment.com\/sl\/wp-json\/wp\/v2\/pages"}],"about":[{"href":"https:\/\/hotelassortment.com\/sl\/wp-json\/wp\/v2\/types\/page"}],"author":[{"embeddable":true,"href":"https:\/\/hotelassortment.com\/sl\/wp-json\/wp\/v2\/users\/1"}],"replies":[{"embeddable":true,"href":"https:\/\/hotelassortment.com\/sl\/wp-json\/wp\/v2\/comments?post=6398"}],"version-history":[{"count":17,"href":"https:\/\/hotelassortment.com\/sl\/wp-json\/wp\/v2\/pages\/6398\/revisions"}],"predecessor-version":[{"id":7132,"href":"https:\/\/hotelassortment.com\/sl\/wp-json\/wp\/v2\/pages\/6398\/revisions\/7132"}],"wp:attachment":[{"href":"https:\/\/hotelassortment.com\/sl\/wp-json\/wp\/v2\/media?parent=6398"}],"curies":[{"name":"wp","href":"https:\/\/api.w.org\/{rel}","templated":true}]}}