{"id":6285,"date":"2023-12-16T21:40:43","date_gmt":"2023-12-16T21:40:43","guid":{"rendered":"https:\/\/hotelskaoprema.ba\/?page_id=6285"},"modified":"2025-02-19T01:14:29","modified_gmt":"2025-02-19T01:14:29","slug":"o-nama","status":"publish","type":"page","link":"https:\/\/hotelassortment.com\/sl\/o-nama","title":{"rendered":"O nama"},"content":{"rendered":"<p>Dobrodo\u0161li na <strong>Hotelassortment.com<\/strong>, platformo, ki je posebej zasnovana in namenjena zagotavljanju celovite storitve pri izbiri vrhunske hotelske opreme, zdru\u017eujo\u010d kakovost in dizajn!<\/p><p>Smo strastna ekipa, predana zagotavljanju vrhunskih izdelkov in storitev za hotelirstvo. S ponosom ponujamo \u0161irok asortiman hotelske opreme \u2013 od bogate izbire copat, tekstila vrhunske kakovosti in luksuzne kozmetike do elegantnega pohi\u0161tva ter prakti\u010dnih in funkcionalnih dodatkov.<\/p><p>Na\u0161e poslanstvo je zagotoviti najbolj\u0161o mo\u017eno re\u0161itev za va\u0161e hotelske potrebe. Ponujamo skrbno izbrane izdelke visoke kakovosti, ki bodo izbolj\u0161ali estetiko in funkcionalnost va\u0161ega objekta. Ne glede na to, ali ste lastnik hotela, upravitelj ali del osebja, na\u0161a ponudba vklju\u010duje vse, kar potrebujete za ustvarjanje prijetnega in gostoljubnega okolja za va\u0161e goste.<\/p><p>Zavedamo se pomena varstva okolja in trajnosti, zato sodelujemo s ponudniki, ki delijo na\u0161e vrednote. Prav tako nenehno izbolj\u0161ujemo svoje poslovanje, da bi zmanj\u0161ali negativni vpliv na okolje.<\/p><p>Zahvaljujemo se vam za obisk na\u0161e spletne strani in veselimo se prihodnjega sodelovanja! \u010ce imate kakr\u0161na koli vpra\u0161anja ali \u017eelite izvedeti ve\u010d o na\u0161i ponudbi, nas brez oklevanja kontaktirajte. <\/p><p><strong>Va\u0161e zadovoljstvo je na\u0161a najve\u010dja motivacija.<\/strong><\/p>","protected":false},"excerpt":{"rendered":"<p>Dobrodo\u0161li na Hotelassortment.com, platformo, ki je posebej zasnovana in namenjena zagotavljanju celovite storitve pri izbiri vrhunske hotelske opreme, zdru\u017eujo\u010d kakovost in dizajn! Smo strastna ekipa, predana zagotavljanju vrhunskih izdelkov in storitev za hotelirstvo. S ponosom ponujamo \u0161irok asortiman hotelske opreme \u2013 od bogate izbire copat, tekstila vrhunske kakovosti in luksuzne kozmetike do elegantnega pohi\u0161tva ter [&hellip;]<\/p>\n","protected":false},"author":1,"featured_media":0,"parent":0,"menu_order":0,"comment_status":"closed","ping_status":"closed","template":"","meta":{"_acf_changed":false,"footnotes":""},"class_list":["post-6285","page","type-page","status-publish","hentry"],"acf":[],"_links":{"self":[{"href":"https:\/\/hotelassortment.com\/sl\/wp-json\/wp\/v2\/pages\/6285","targetHints":{"allow":["GET"]}}],"collection":[{"href":"https:\/\/hotelassortment.com\/sl\/wp-json\/wp\/v2\/pages"}],"about":[{"href":"https:\/\/hotelassortment.com\/sl\/wp-json\/wp\/v2\/types\/page"}],"author":[{"embeddable":true,"href":"https:\/\/hotelassortment.com\/sl\/wp-json\/wp\/v2\/users\/1"}],"replies":[{"embeddable":true,"href":"https:\/\/hotelassortment.com\/sl\/wp-json\/wp\/v2\/comments?post=6285"}],"version-history":[{"count":5,"href":"https:\/\/hotelassortment.com\/sl\/wp-json\/wp\/v2\/pages\/6285\/revisions"}],"predecessor-version":[{"id":7116,"href":"https:\/\/hotelassortment.com\/sl\/wp-json\/wp\/v2\/pages\/6285\/revisions\/7116"}],"wp:attachment":[{"href":"https:\/\/hotelassortment.com\/sl\/wp-json\/wp\/v2\/media?parent=6285"}],"curies":[{"name":"wp","href":"https:\/\/api.w.org\/{rel}","templated":true}]}}