{"id":12,"date":"2023-11-14T02:08:36","date_gmt":"2023-11-14T02:08:36","guid":{"rendered":"https:\/\/hotelskaoprema.ba\/?page_id=12"},"modified":"2025-02-22T19:12:23","modified_gmt":"2025-02-22T19:12:23","slug":"homepage","status":"publish","type":"page","link":"https:\/\/hotelassortment.com\/sl\/","title":{"rendered":"Po\u010detna"},"content":{"rendered":"<div class=\"wp-block-media-text is-stacked-on-mobile\"><figure class=\"wp-block-media-text__media\"><a href=\"\/sl\/kategorije\/hotelske-papuce\"><img loading=\"lazy\" decoding=\"async\" width=\"678\" height=\"1024\" src=\"https:\/\/hotelskaoprema.ba\/wp-content\/uploads\/2023\/11\/3.-SLIKE-PAPUCA-678x1024.jpg\" alt=\"\" class=\"wp-image-35 size-full\" srcset=\"https:\/\/hotelassortment.com\/wp-content\/uploads\/2023\/11\/3.-SLIKE-PAPUCA-678x1024.jpg 678w, https:\/\/hotelassortment.com\/wp-content\/uploads\/2023\/11\/3.-SLIKE-PAPUCA-199x300.jpg 199w, https:\/\/hotelassortment.com\/wp-content\/uploads\/2023\/11\/3.-SLIKE-PAPUCA-600x906.jpg 600w, https:\/\/hotelassortment.com\/wp-content\/uploads\/2023\/11\/3.-SLIKE-PAPUCA-768x1159.jpg 768w, https:\/\/hotelassortment.com\/wp-content\/uploads\/2023\/11\/3.-SLIKE-PAPUCA.jpg 795w\" sizes=\"auto, (max-width: 678px) 100vw, 678px\" \/><\/a><\/figure><div class=\"wp-block-media-text__content\"><h2 class=\"wp-block-heading\">Hotelske copate<\/h2>\n\n<p>Na\u0161e hotelske copate so izdelane iz najfinej\u0161ih materialov, zagotavljajo\u010d mehak, pli\u0161ast ob\u010dutek, ki gostom nudi takoj\u0161nje udobje, takoj ko vstopijo v svojo sobo.<\/p>\n\n<p>Verjamemo, da udobje nikoli ne sme biti na ra\u010dun stila, zato se na\u0161e copate pona\u0161ajo z elegantnim dizajnom, ki se popolnoma zlije z vrhunskim ambientom vsakega hotela ali letovi\u0161\u010da.<\/p>\n\n<p>Zasnovane za vsakodnevno uporabo, na\u0161e copate zagotavljajo dolgotrajno vzdr\u017eljivost in slu\u017eijo kot funkcionalen ter trajen spomin na izjemno storitev, ki jo nudi va\u0161 hotel.<\/p>\n\n<p>Izbirate lahko med razli\u010dnimi materiali in slogi, da copate popolnoma prilagodite edinstveni blagovni znamki in estetiki va\u0161ega hotela.<\/p>\n\n<p><a href=\"\/sl\/kategorije\/hotelske-papuce\">Oglejte si ponudbo copat<\/a><\/p><\/div><\/div><div class=\"wp-block-media-text has-media-on-the-right is-stacked-on-mobile\"><div class=\"wp-block-media-text__content\"><h2 class=\"wp-block-heading\"><strong>Hotelska tekstilija<\/strong><\/h2>\n\n<p>Na\u0161a tekstilija je natan\u010dno in skrbno izdelana z uporabo najkakovostnej\u0161ih materialov, da zagotovi luksuzen ob\u010dutek in trajno kakovost.<\/p>\n\n<p>Od blazin, posteljnine, prevlek do brisa\u010d in kopalnih pla\u0161\u010dev, vsak kos je dokaz na\u0161e predanosti odli\u010dnosti.<\/p>\n\n<p>Zavedamo se, da je vsak hotel edinstven, na\u0161 tekstil pa je zasnovan tako, da dopolni in izbolj\u0161a poseben karakter va\u0161ega objekta.<\/p>\n\n<p>Z mo\u017enostmi prilagoditve v barvah, vzorcih in teksturah vam omogo\u010damo, da ustvarite edinstveno izku\u0161njo za svoje goste.<\/p>\n\n<p><a href=\"\/sl\/kategorije\/hotelski-tekstil\">Oglejte si ponudbo tekstilije<\/a><\/p><\/div><figure class=\"wp-block-media-text__media\"><a href=\"\/sl\/kategorije\/hotelski-tekstil\"><img loading=\"lazy\" decoding=\"async\" width=\"996\" height=\"664\" src=\"https:\/\/hotelskaoprema.ba\/wp-content\/uploads\/2023\/11\/3.-SLIKA-TEKSTILA.jpg\" alt=\"\" class=\"wp-image-63 size-full\" srcset=\"https:\/\/hotelassortment.com\/wp-content\/uploads\/2023\/11\/3.-SLIKA-TEKSTILA.jpg 996w, https:\/\/hotelassortment.com\/wp-content\/uploads\/2023\/11\/3.-SLIKA-TEKSTILA-300x200.jpg 300w, https:\/\/hotelassortment.com\/wp-content\/uploads\/2023\/11\/3.-SLIKA-TEKSTILA-600x400.jpg 600w, https:\/\/hotelassortment.com\/wp-content\/uploads\/2023\/11\/3.-SLIKA-TEKSTILA-768x512.jpg 768w\" sizes=\"auto, (max-width: 996px) 100vw, 996px\" \/><\/a><\/figure><\/div><div class=\"wp-block-media-text is-stacked-on-mobile\"><figure class=\"wp-block-media-text__media\"><a href=\"\/sl\/kategorije\/hotelska-kozmetika\"><img loading=\"lazy\" decoding=\"async\" width=\"1024\" height=\"720\" src=\"https:\/\/hotelskaoprema.ba\/wp-content\/uploads\/2023\/11\/1.-SLIKA-KOZMETIKE-1024x720.jpg\" alt=\"\" class=\"wp-image-33 size-full\" srcset=\"https:\/\/hotelassortment.com\/wp-content\/uploads\/2023\/11\/1.-SLIKA-KOZMETIKE-1024x720.jpg 1024w, https:\/\/hotelassortment.com\/wp-content\/uploads\/2023\/11\/1.-SLIKA-KOZMETIKE-300x211.jpg 300w, https:\/\/hotelassortment.com\/wp-content\/uploads\/2023\/11\/1.-SLIKA-KOZMETIKE-600x422.jpg 600w, https:\/\/hotelassortment.com\/wp-content\/uploads\/2023\/11\/1.-SLIKA-KOZMETIKE-768x540.jpg 768w, https:\/\/hotelassortment.com\/wp-content\/uploads\/2023\/11\/1.-SLIKA-KOZMETIKE-1536x1081.jpg 1536w, https:\/\/hotelassortment.com\/wp-content\/uploads\/2023\/11\/1.-SLIKA-KOZMETIKE-2048x1441.jpg 2048w\" sizes=\"auto, (max-width: 1024px) 100vw, 1024px\" \/><\/a><\/figure><div class=\"wp-block-media-text__content\"><h2 class=\"wp-block-heading\"><strong>Hotelska kozmetika<\/strong><\/h2>\n\n<p>Na\u0161a kozmetika je izdelana iz esencialnih hranilnih sestavin, ki negujejo ko\u017eo, in zagotavlja gostom ob\u010dutek luksuza in skrbi, ki pu\u0161\u010da trajen vtis.<\/p>\n\n<p>Zavedamo se pomena estetike, zato je na\u0161a kozmetika predstavljena v skrbno oblikovani embala\u017ei, ki popolnoma dopolnjuje vrhunski ambient va\u0161ega hotela ali resorta.<\/p>\n\n<p>Prilagodite na\u0161e izdelke, da se brezskrbno vklju\u010dijo v identiteto va\u0161ega blagovne znamke. Izbirajte med razli\u010dnimi vonji, formulacijami in mo\u017enostmi embala\u017ee, da ustvarite personalizirano in nepozabno izku\u0161njo za va\u0161e goste.<\/p>\n\n<p><a href=\"\/sl\/kategorije\/hotelska-kozmetika\">Oglejte si ponudbo kozmetike<\/a><\/p><\/div><\/div><div class=\"wp-block-columns info-home-block full is-layout-flex wp-container-core-columns-is-layout-9d6595d7 wp-block-columns-is-layout-flex\"><div class=\"wp-block-column is-layout-flow wp-block-column-is-layout-flow\"><p>Na pravem ste mestu!<\/p><\/div>\n\n<div class=\"wp-block-column is-layout-flow wp-block-column-is-layout-flow\"><p>Zahvaljujo\u010d preverjenim dobaviteljem, uveljavljenemu procesu nabave in logistike ter na\u0161emu predanemu timu smo sposobni odgovoriti na skoraj vse zahteve za opremljanje hotelov in apartmajev.<\/p><\/div><\/div><div class=\"wp-block-media-text has-media-on-the-right is-stacked-on-mobile\"><div class=\"wp-block-media-text__content\"><h2 class=\"wp-block-heading\">HoReCa pohi\u0161tvo<\/h2>\n\n<p>Na\u0161e pohi\u0161tvo je zdru\u017eitev klasi\u010dne elegancije in sodobnega dizajna, ki zagotavlja brez\u010dasno privla\u010dnost, ki presega trende.<\/p>\n\n<p>Vsak kos pohi\u0161tva je skrbno izdelan, da izbolj\u0161a estetsko privla\u010dnost notranjosti hotela ali gostinskega objekta.<\/p>\n\n<p>Na\u0161e pohi\u0161tvo je izdelano po najvi\u0161jih proizvodnih standardih in iz kakovostnih materialov, ki zagotavljajo dolgo\u017eivost in trajno lepoto. Zavedamo se edinstvenosti vsakega hotela in gostinskega objekta, zato ponujamo prilagodljive re\u0161itve.<\/p>\n\n<p>Izbirajte med \u0161tevilnimi zaklju\u010dnimi obdelavami, tkaninami in slogi, da svoje prostore spremenite v privla\u010dna zato\u010di\u0161\u010da, ki pustijo trajen vtis na va\u0161e goste.<\/p>\n\n<p><a href=\"\/sl\/kategorije\/horeca-namjestaj\">Oglejte si ponudbo pohi\u0161tva<\/a><\/p><\/div><figure class=\"wp-block-media-text__media\"><a href=\"\/sl\/kategorije\/horeca-namjestaj\"><img loading=\"lazy\" decoding=\"async\" width=\"800\" height=\"533\" src=\"https:\/\/hotelskaoprema.ba\/wp-content\/uploads\/2023\/12\/3.-SLIKA-NAMJESTAJA-scaled-1.jpg\" alt=\"\" class=\"wp-image-6292 size-full\" srcset=\"https:\/\/hotelassortment.com\/wp-content\/uploads\/2023\/12\/3.-SLIKA-NAMJESTAJA-scaled-1.jpg 800w, https:\/\/hotelassortment.com\/wp-content\/uploads\/2023\/12\/3.-SLIKA-NAMJESTAJA-scaled-1-300x200.jpg 300w, https:\/\/hotelassortment.com\/wp-content\/uploads\/2023\/12\/3.-SLIKA-NAMJESTAJA-scaled-1-768x512.jpg 768w, https:\/\/hotelassortment.com\/wp-content\/uploads\/2023\/12\/3.-SLIKA-NAMJESTAJA-scaled-1-600x400.jpg 600w\" sizes=\"auto, (max-width: 800px) 100vw, 800px\" \/><\/a><\/figure><\/div>","protected":false},"excerpt":{"rendered":"<p>Hotelske copate Na\u0161e hotelske copate so izdelane iz najfinej\u0161ih materialov, zagotavljajo\u010d mehak, pli\u0161ast ob\u010dutek, ki gostom nudi takoj\u0161nje udobje, takoj ko vstopijo v svojo sobo. Verjamemo, da udobje nikoli ne sme biti na ra\u010dun stila, zato se na\u0161e copate pona\u0161ajo z elegantnim dizajnom, ki se popolnoma zlije z vrhunskim ambientom vsakega hotela ali letovi\u0161\u010da. Zasnovane [&hellip;]<\/p>\n","protected":false},"author":1,"featured_media":6409,"parent":0,"menu_order":0,"comment_status":"closed","ping_status":"closed","template":"","meta":{"_acf_changed":false,"footnotes":""},"class_list":["post-12","page","type-page","status-publish","has-post-thumbnail","hentry"],"acf":[],"_links":{"self":[{"href":"https:\/\/hotelassortment.com\/sl\/wp-json\/wp\/v2\/pages\/12","targetHints":{"allow":["GET"]}}],"collection":[{"href":"https:\/\/hotelassortment.com\/sl\/wp-json\/wp\/v2\/pages"}],"about":[{"href":"https:\/\/hotelassortment.com\/sl\/wp-json\/wp\/v2\/types\/page"}],"author":[{"embeddable":true,"href":"https:\/\/hotelassortment.com\/sl\/wp-json\/wp\/v2\/users\/1"}],"replies":[{"embeddable":true,"href":"https:\/\/hotelassortment.com\/sl\/wp-json\/wp\/v2\/comments?post=12"}],"version-history":[{"count":11,"href":"https:\/\/hotelassortment.com\/sl\/wp-json\/wp\/v2\/pages\/12\/revisions"}],"predecessor-version":[{"id":7161,"href":"https:\/\/hotelassortment.com\/sl\/wp-json\/wp\/v2\/pages\/12\/revisions\/7161"}],"wp:featuredmedia":[{"embeddable":true,"href":"https:\/\/hotelassortment.com\/sl\/wp-json\/wp\/v2\/media\/6409"}],"wp:attachment":[{"href":"https:\/\/hotelassortment.com\/sl\/wp-json\/wp\/v2\/media?parent=12"}],"curies":[{"name":"wp","href":"https:\/\/api.w.org\/{rel}","templated":true}]}}